{"id":18537,"date":"2025-09-08T12:50:08","date_gmt":"2025-09-08T09:50:08","guid":{"rendered":"https:\/\/www.zeraguzellik.com\/?post_type=product&#038;p=18537"},"modified":"2025-09-08T12:50:50","modified_gmt":"2025-09-08T09:50:50","slug":"revitalash-double-ended-volume-set-11-ml","status":"publish","type":"product","link":"https:\/\/www.zeraguzellik.com\/zera\/urun\/revitalash-double-ended-volume-set-11-ml","title":{"rendered":"RevitaLash Double Ended Volume Set 11 ML"},"content":{"rendered":"<div class=\"kl-title-block clearfix tbk--text- tbk--left text-left tbk-symbol-- tbk-icon-pos--after-title eluidec6b7d3b \">\n<p><strong>RevitaLash Double Ended Volume Set 11 ML<\/strong><\/p>\n<p class=\"tbk__title\"><strong>NE \u0130\u015eE YARAR?<\/strong><\/p>\n<p class=\"tbk__subtitle\">\u00d6zel tasar\u0131ml\u0131 silikon f\u0131r\u00e7as\u0131yla kirpikleri e\u015fit \u015fekilde sarar ve tek tek ay\u0131r\u0131r. Indigo mavisi primer, siyah maskaran\u0131n renk yo\u011funlu\u011funu art\u0131rarak, daha parlak ve daha dikkat \u00e7ekici bak\u0131\u015flara sahip olman\u0131z\u0131 sa\u011flar. Peptitler, kirpikleri g\u00fc\u00e7lendirir ve kirpiklerin canl\u0131l\u0131\u011f\u0131n\u0131 art\u0131r\u0131r. Kum saati \u015fekilli f\u0131r\u00e7as\u0131 sayesinde kirpikleriniz daha hacimli bir g\u00f6r\u00fcn\u00fcme kavu\u015fur.<\/p>\n<\/div>\n<div class=\"kl-title-block clearfix tbk--text- tbk--left text-left tbk-symbol-- tbk-icon-pos--after-title eluidc44dc7bc \">\n<p class=\"tbk__title\"><strong>B\u0130LMEN\u0130Z GEREKENLER<\/strong><\/p>\n<p class=\"tbk__subtitle\">\u2022 G\u00f6z hekimleri taraf\u0131ndan form\u00fcle edilmi\u015ftir.<br \/>\n\u2022 Dermatologlar\u0131n kontrol\u00fcnden ge\u00e7mi\u015ftir.<br \/>\n\u2022 Klinik olarak test edilmi\u015ftir.<br \/>\n\u2022 Hipoalerjeniktir.<br \/>\n\u2022 Ya\u011fs\u0131zd\u0131r.<br \/>\n\u2022 Hayvanlar \u00fczerinde test edilmemi\u015ftir<br \/>\n\u2022 Paraben, Ftalat, Parf\u00fcm ve Gluten i\u00e7ermez.<\/p>\n<\/div>\n","protected":false},"excerpt":{"rendered":"<p><em>Siyah Maskara ve Primer<\/em><\/p>\n<p>G\u00f6zlerinizin g\u00fczelli\u011fini \u00f6n plana \u00e7\u0131karmak i\u00e7in m\u00fckemmel kirpiklere ihtiyac\u0131n\u0131z var. Art\u0131k tek ad\u0131mda kirpiklerinizi sabitleyebilir, hacimlendirebilir ve \u015fekillendirebilirsiniz. Kullan\u0131m\u0131 son derece kolay olan 2\u2019si 1 arada kirpik baz\u0131 ve maskara sayesinde, \u00e7arp\u0131c\u0131, bu\u011fulu bak\u0131\u015flara sahip olabilirsiniz. B\u00f6ylece, kirpikleriniz daha dolgun, daha hacimli ve daha belirgin g\u00f6r\u00fcn\u00fcme kavu\u015facakt\u0131r.<\/p>\n<p>0.36 Fl Oz \/ 11mL \u2013\u00a0 0.18 Fl Oz \/ 5.5mL<\/p>\n","protected":false},"featured_media":18571,"template":"","meta":[],"product_brand":[1945],"product_cat":[1937,1938,1939,1944,1936],"product_tag":[1608,1625,1642,1643,1644,1609,1614,1620,1611,1612,1615,1616,1621,1497,1626,1624,1617,1622,1498,1618,1623,1627,1613,1619,1475,1645],"class_list":{"0":"post-18537","1":"product","2":"type-product","3":"status-publish","4":"has-post-thumbnail","6":"product_brand-revitalash","7":"product_cat-goz-bakim-urunleri","8":"product_cat-kas-urunleri","9":"product_cat-kirpik-urunleri","10":"product_cat-renkli-urunler","11":"product_cat-revitalash","12":"product_tag-aquablur","13":"product_tag-biopeptin-kompleks","14":"product_tag-dolgun","15":"product_tag-dolgun-kas","16":"product_tag-dolgun-kirpik","17":"product_tag-goz-alti-koruyan","18":"product_tag-goz-bakimi-kirpik-maskesi","19":"product_tag-goz-ceveresi-temizleme-suyu","20":"product_tag-goz-cevresini-nemlendiren","21":"product_tag-goz-jeli","22":"product_tag-kas-maskesi","23":"product_tag-kas-onarimi","24":"product_tag-kas-temizleme-suyu","25":"product_tag-kas-uzatici","26":"product_tag-kas-yipranmasi","27":"product_tag-kirpik-bakim-serumu","28":"product_tag-kirpik-onarimi","29":"product_tag-kirpik-temizleme-suyu","30":"product_tag-kirpik-uzatici","31":"product_tag-kil-onarimi","32":"product_tag-misel-su-formulu","33":"product_tag-parlak-kas","34":"product_tag-revitalash","35":"product_tag-sac-onarimi","36":"product_tag-sac-uzatici","37":"product_tag-siyah-maskara","39":"first","40":"instock","41":"shipping-taxable","42":"purchasable","43":"product-type-simple"},"yoast_head":"<!-- This site is optimized with the Yoast SEO plugin v26.6 - https:\/\/yoast.com\/wordpress\/plugins\/seo\/ -->\n<title>RevitaLash Double Ended Volume Set 11 ML - Zera G\u00fczellik Merkezi Ankara<\/title>\n<meta name=\"description\" content=\"Siyah Maskara ve Primer Art\u0131k tek ad\u0131mda kirpiklerinizi sabitleyebilir, hacimlendirebilir ve \u015fekillendirebilirsiniz. daha dolgun, daha hacimli\" \/>\n<meta name=\"robots\" content=\"index, follow, max-snippet:-1, max-image-preview:large, max-video-preview:-1\" \/>\n<link rel=\"canonical\" href=\"https:\/\/www.zeraguzellik.com\/zera\/urun\/revitalash-double-ended-volume-set-11-ml\" \/>\n<meta property=\"og:locale\" content=\"tr_TR\" \/>\n<meta property=\"og:type\" content=\"article\" \/>\n<meta property=\"og:title\" content=\"RevitaLash Double Ended Volume Set 11 ML - Zera G\u00fczellik Merkezi Ankara\" \/>\n<meta property=\"og:description\" content=\"Siyah Maskara ve Primer Art\u0131k tek ad\u0131mda kirpiklerinizi sabitleyebilir, hacimlendirebilir ve \u015fekillendirebilirsiniz. daha dolgun, daha hacimli\" \/>\n<meta property=\"og:url\" content=\"https:\/\/www.zeraguzellik.com\/zera\/urun\/revitalash-double-ended-volume-set-11-ml\" \/>\n<meta property=\"og:site_name\" content=\"Zera G\u00fczellik Merkezi Ankara\" \/>\n<meta property=\"article:modified_time\" content=\"2025-09-08T09:50:50+00:00\" \/>\n<meta property=\"og:image\" content=\"https:\/\/www.zeraguzellik.com\/zera\/wp-content\/uploads\/2025\/09\/double-ended-volume-set-11-ml.jpeg\" \/>\n\t<meta property=\"og:image:width\" content=\"457\" \/>\n\t<meta property=\"og:image:height\" content=\"600\" \/>\n\t<meta property=\"og:image:type\" content=\"image\/jpeg\" \/>\n<meta name=\"twitter:card\" content=\"summary_large_image\" \/>\n<meta name=\"twitter:label1\" content=\"Tahmini okuma s\u00fcresi\" \/>\n\t<meta name=\"twitter:data1\" content=\"1 dakika\" \/>\n<script type=\"application\/ld+json\" class=\"yoast-schema-graph\">{\"@context\":\"https:\/\/schema.org\",\"@graph\":[{\"@type\":\"WebPage\",\"@id\":\"https:\/\/www.zeraguzellik.com\/zera\/urun\/revitalash-double-ended-volume-set-11-ml\",\"url\":\"https:\/\/www.zeraguzellik.com\/zera\/urun\/revitalash-double-ended-volume-set-11-ml\",\"name\":\"RevitaLash Double Ended Volume Set 11 ML - Zera G\u00fczellik Merkezi Ankara\",\"isPartOf\":{\"@id\":\"https:\/\/www.zeraguzellik.com\/zera\/#website\"},\"primaryImageOfPage\":{\"@id\":\"https:\/\/www.zeraguzellik.com\/zera\/urun\/revitalash-double-ended-volume-set-11-ml#primaryimage\"},\"image\":{\"@id\":\"https:\/\/www.zeraguzellik.com\/zera\/urun\/revitalash-double-ended-volume-set-11-ml#primaryimage\"},\"thumbnailUrl\":\"https:\/\/www.zeraguzellik.com\/zera\/wp-content\/uploads\/2025\/09\/double-ended-volume-set-11-ml.jpeg\",\"datePublished\":\"2025-09-08T09:50:08+00:00\",\"dateModified\":\"2025-09-08T09:50:50+00:00\",\"description\":\"Siyah Maskara ve Primer Art\u0131k tek ad\u0131mda kirpiklerinizi sabitleyebilir, hacimlendirebilir ve \u015fekillendirebilirsiniz. daha dolgun, daha hacimli\",\"breadcrumb\":{\"@id\":\"https:\/\/www.zeraguzellik.com\/zera\/urun\/revitalash-double-ended-volume-set-11-ml#breadcrumb\"},\"inLanguage\":\"tr\",\"potentialAction\":[{\"@type\":\"ReadAction\",\"target\":[\"https:\/\/www.zeraguzellik.com\/zera\/urun\/revitalash-double-ended-volume-set-11-ml\"]}]},{\"@type\":\"ImageObject\",\"inLanguage\":\"tr\",\"@id\":\"https:\/\/www.zeraguzellik.com\/zera\/urun\/revitalash-double-ended-volume-set-11-ml#primaryimage\",\"url\":\"https:\/\/www.zeraguzellik.com\/zera\/wp-content\/uploads\/2025\/09\/double-ended-volume-set-11-ml.jpeg\",\"contentUrl\":\"https:\/\/www.zeraguzellik.com\/zera\/wp-content\/uploads\/2025\/09\/double-ended-volume-set-11-ml.jpeg\",\"width\":457,\"height\":600},{\"@type\":\"BreadcrumbList\",\"@id\":\"https:\/\/www.zeraguzellik.com\/zera\/urun\/revitalash-double-ended-volume-set-11-ml#breadcrumb\",\"itemListElement\":[{\"@type\":\"ListItem\",\"position\":1,\"name\":\"Ana sayfa\",\"item\":\"https:\/\/www.zeraguzellik.com\/zera\/\"},{\"@type\":\"ListItem\",\"position\":2,\"name\":\"Genosys-1\",\"item\":\"https:\/\/www.zeraguzellik.com\/zera\/genosys-1\"},{\"@type\":\"ListItem\",\"position\":3,\"name\":\"RevitaLash Double Ended Volume Set 11 ML\"}]},{\"@type\":\"WebSite\",\"@id\":\"https:\/\/www.zeraguzellik.com\/zera\/#website\",\"url\":\"https:\/\/www.zeraguzellik.com\/zera\/\",\"name\":\"Zera G\u00fczellik Merkezi Ankara\",\"description\":\"\",\"publisher\":{\"@id\":\"https:\/\/www.zeraguzellik.com\/zera\/#organization\"},\"potentialAction\":[{\"@type\":\"SearchAction\",\"target\":{\"@type\":\"EntryPoint\",\"urlTemplate\":\"https:\/\/www.zeraguzellik.com\/zera\/?s={search_term_string}\"},\"query-input\":{\"@type\":\"PropertyValueSpecification\",\"valueRequired\":true,\"valueName\":\"search_term_string\"}}],\"inLanguage\":\"tr\"},{\"@type\":\"Organization\",\"@id\":\"https:\/\/www.zeraguzellik.com\/zera\/#organization\",\"name\":\"Zera G\u00fczellik\",\"url\":\"https:\/\/www.zeraguzellik.com\/zera\/\",\"logo\":{\"@type\":\"ImageObject\",\"inLanguage\":\"tr\",\"@id\":\"https:\/\/www.zeraguzellik.com\/zera\/#\/schema\/logo\/image\/\",\"url\":\"https:\/\/www.zeraguzellik.com\/wp-content\/uploads\/2020\/02\/zr_1_logo.png\",\"contentUrl\":\"https:\/\/www.zeraguzellik.com\/wp-content\/uploads\/2020\/02\/zr_1_logo.png\",\"width\":1008,\"height\":426,\"caption\":\"Zera G\u00fczellik\"},\"image\":{\"@id\":\"https:\/\/www.zeraguzellik.com\/zera\/#\/schema\/logo\/image\/\"}}]}<\/script>\n<!-- \/ Yoast SEO plugin. -->","yoast_head_json":{"title":"RevitaLash Double Ended Volume Set 11 ML - Zera G\u00fczellik Merkezi Ankara","description":"Siyah Maskara ve Primer Art\u0131k tek ad\u0131mda kirpiklerinizi sabitleyebilir, hacimlendirebilir ve \u015fekillendirebilirsiniz. daha dolgun, daha hacimli","robots":{"index":"index","follow":"follow","max-snippet":"max-snippet:-1","max-image-preview":"max-image-preview:large","max-video-preview":"max-video-preview:-1"},"canonical":"https:\/\/www.zeraguzellik.com\/zera\/urun\/revitalash-double-ended-volume-set-11-ml","og_locale":"tr_TR","og_type":"article","og_title":"RevitaLash Double Ended Volume Set 11 ML - Zera G\u00fczellik Merkezi Ankara","og_description":"Siyah Maskara ve Primer Art\u0131k tek ad\u0131mda kirpiklerinizi sabitleyebilir, hacimlendirebilir ve \u015fekillendirebilirsiniz. daha dolgun, daha hacimli","og_url":"https:\/\/www.zeraguzellik.com\/zera\/urun\/revitalash-double-ended-volume-set-11-ml","og_site_name":"Zera G\u00fczellik Merkezi Ankara","article_modified_time":"2025-09-08T09:50:50+00:00","og_image":[{"width":457,"height":600,"url":"https:\/\/www.zeraguzellik.com\/zera\/wp-content\/uploads\/2025\/09\/double-ended-volume-set-11-ml.jpeg","type":"image\/jpeg"}],"twitter_card":"summary_large_image","twitter_misc":{"Tahmini okuma s\u00fcresi":"1 dakika"},"schema":{"@context":"https:\/\/schema.org","@graph":[{"@type":"WebPage","@id":"https:\/\/www.zeraguzellik.com\/zera\/urun\/revitalash-double-ended-volume-set-11-ml","url":"https:\/\/www.zeraguzellik.com\/zera\/urun\/revitalash-double-ended-volume-set-11-ml","name":"RevitaLash Double Ended Volume Set 11 ML - Zera G\u00fczellik Merkezi Ankara","isPartOf":{"@id":"https:\/\/www.zeraguzellik.com\/zera\/#website"},"primaryImageOfPage":{"@id":"https:\/\/www.zeraguzellik.com\/zera\/urun\/revitalash-double-ended-volume-set-11-ml#primaryimage"},"image":{"@id":"https:\/\/www.zeraguzellik.com\/zera\/urun\/revitalash-double-ended-volume-set-11-ml#primaryimage"},"thumbnailUrl":"https:\/\/www.zeraguzellik.com\/zera\/wp-content\/uploads\/2025\/09\/double-ended-volume-set-11-ml.jpeg","datePublished":"2025-09-08T09:50:08+00:00","dateModified":"2025-09-08T09:50:50+00:00","description":"Siyah Maskara ve Primer Art\u0131k tek ad\u0131mda kirpiklerinizi sabitleyebilir, hacimlendirebilir ve \u015fekillendirebilirsiniz. daha dolgun, daha hacimli","breadcrumb":{"@id":"https:\/\/www.zeraguzellik.com\/zera\/urun\/revitalash-double-ended-volume-set-11-ml#breadcrumb"},"inLanguage":"tr","potentialAction":[{"@type":"ReadAction","target":["https:\/\/www.zeraguzellik.com\/zera\/urun\/revitalash-double-ended-volume-set-11-ml"]}]},{"@type":"ImageObject","inLanguage":"tr","@id":"https:\/\/www.zeraguzellik.com\/zera\/urun\/revitalash-double-ended-volume-set-11-ml#primaryimage","url":"https:\/\/www.zeraguzellik.com\/zera\/wp-content\/uploads\/2025\/09\/double-ended-volume-set-11-ml.jpeg","contentUrl":"https:\/\/www.zeraguzellik.com\/zera\/wp-content\/uploads\/2025\/09\/double-ended-volume-set-11-ml.jpeg","width":457,"height":600},{"@type":"BreadcrumbList","@id":"https:\/\/www.zeraguzellik.com\/zera\/urun\/revitalash-double-ended-volume-set-11-ml#breadcrumb","itemListElement":[{"@type":"ListItem","position":1,"name":"Ana sayfa","item":"https:\/\/www.zeraguzellik.com\/zera\/"},{"@type":"ListItem","position":2,"name":"Genosys-1","item":"https:\/\/www.zeraguzellik.com\/zera\/genosys-1"},{"@type":"ListItem","position":3,"name":"RevitaLash Double Ended Volume Set 11 ML"}]},{"@type":"WebSite","@id":"https:\/\/www.zeraguzellik.com\/zera\/#website","url":"https:\/\/www.zeraguzellik.com\/zera\/","name":"Zera G\u00fczellik Merkezi Ankara","description":"","publisher":{"@id":"https:\/\/www.zeraguzellik.com\/zera\/#organization"},"potentialAction":[{"@type":"SearchAction","target":{"@type":"EntryPoint","urlTemplate":"https:\/\/www.zeraguzellik.com\/zera\/?s={search_term_string}"},"query-input":{"@type":"PropertyValueSpecification","valueRequired":true,"valueName":"search_term_string"}}],"inLanguage":"tr"},{"@type":"Organization","@id":"https:\/\/www.zeraguzellik.com\/zera\/#organization","name":"Zera G\u00fczellik","url":"https:\/\/www.zeraguzellik.com\/zera\/","logo":{"@type":"ImageObject","inLanguage":"tr","@id":"https:\/\/www.zeraguzellik.com\/zera\/#\/schema\/logo\/image\/","url":"https:\/\/www.zeraguzellik.com\/wp-content\/uploads\/2020\/02\/zr_1_logo.png","contentUrl":"https:\/\/www.zeraguzellik.com\/wp-content\/uploads\/2020\/02\/zr_1_logo.png","width":1008,"height":426,"caption":"Zera G\u00fczellik"},"image":{"@id":"https:\/\/www.zeraguzellik.com\/zera\/#\/schema\/logo\/image\/"}}]}},"_links":{"self":[{"href":"https:\/\/www.zeraguzellik.com\/zera\/wp-json\/wp\/v2\/product\/18537","targetHints":{"allow":["GET"]}}],"collection":[{"href":"https:\/\/www.zeraguzellik.com\/zera\/wp-json\/wp\/v2\/product"}],"about":[{"href":"https:\/\/www.zeraguzellik.com\/zera\/wp-json\/wp\/v2\/types\/product"}],"wp:featuredmedia":[{"embeddable":true,"href":"https:\/\/www.zeraguzellik.com\/zera\/wp-json\/wp\/v2\/media\/18571"}],"wp:attachment":[{"href":"https:\/\/www.zeraguzellik.com\/zera\/wp-json\/wp\/v2\/media?parent=18537"}],"wp:term":[{"taxonomy":"product_brand","embeddable":true,"href":"https:\/\/www.zeraguzellik.com\/zera\/wp-json\/wp\/v2\/product_brand?post=18537"},{"taxonomy":"product_cat","embeddable":true,"href":"https:\/\/www.zeraguzellik.com\/zera\/wp-json\/wp\/v2\/product_cat?post=18537"},{"taxonomy":"product_tag","embeddable":true,"href":"https:\/\/www.zeraguzellik.com\/zera\/wp-json\/wp\/v2\/product_tag?post=18537"}],"curies":[{"name":"wp","href":"https:\/\/api.w.org\/{rel}","templated":true}]}}